{"id":448,"date":"2026-03-19T09:17:35","date_gmt":"2026-03-19T12:17:35","guid":{"rendered":"https:\/\/estacionpatagonia.cl\/\/?page_id=448"},"modified":"2026-03-20T21:54:37","modified_gmt":"2026-03-21T00:54:37","slug":"bar-kutral","status":"publish","type":"page","link":"https:\/\/estacionpatagonia.cl\/index.php\/bar-kutral\/","title":{"rendered":"Bar K\u00fctral"},"content":{"rendered":"\t\t<div data-elementor-type=\"wp-page\" data-elementor-id=\"448\" class=\"elementor elementor-448\" data-elementor-post-type=\"page\">\n\t\t\t\t<div class=\"elementor-element elementor-element-21dddfe e-con-full e-flex e-con e-parent\" data-id=\"21dddfe\" data-element_type=\"container\" data-e-type=\"container\">\n\t\t\t\t<div class=\"elementor-element elementor-element-e424254 elementor--h-position-center elementor--v-position-middle elementor-arrows-position-inside elementor-pagination-position-inside elementor-widget elementor-widget-slides\" data-id=\"e424254\" data-element_type=\"widget\" data-e-type=\"widget\" data-settings=\"{&quot;navigation&quot;:&quot;both&quot;,&quot;autoplay&quot;:&quot;yes&quot;,&quot;pause_on_hover&quot;:&quot;yes&quot;,&quot;pause_on_interaction&quot;:&quot;yes&quot;,&quot;autoplay_speed&quot;:5000,&quot;infinite&quot;:&quot;yes&quot;,&quot;transition&quot;:&quot;slide&quot;,&quot;transition_speed&quot;:500}\" data-widget_type=\"slides.default\">\n\t\t\t\t\t\t\t\t\t\t<div class=\"elementor-slides-wrapper elementor-main-swiper swiper\" role=\"region\" aria-roledescription=\"carousel\" aria-label=\"Slides\" dir=\"ltr\" data-animation=\"fadeInUp\">\n\t\t\t\t<div class=\"swiper-wrapper elementor-slides\">\n\t\t\t\t\t\t\t\t\t\t<div class=\"elementor-repeater-item-8c4617e swiper-slide\" role=\"group\" aria-roledescription=\"slide\"><div class=\"swiper-slide-bg elementor-ken-burns elementor-ken-burns--in\" role=\"img\" aria-label=\"2026-14 DE FEBRERO-5\"><\/div><div class=\"elementor-background-overlay\"><\/div><a class=\"swiper-slide-inner\" href=\"https:\/\/estacionpatagonia.cl\/\/wp-content\/uploads\/2026\/03\/Carta-bebestibles-.pdf\"><div class=\"swiper-slide-contents\"><div class=\"elementor-slide-heading\">Bar K\u00fctral<\/div><div class=\"elementor-slide-description\">Elegancia, buen gusto y sabor territorial.<\/div><div  class=\"elementor-button elementor-slide-button elementor-size-sm\">Ver carta de cocteler\u00eda de autor<\/div><\/div><\/a><\/div>\t\t\t\t<\/div>\n\t\t\t\t\t\t\t<\/div>\n\t\t\t\t\t\t\t\t<\/div>\n\t\t\t\t<\/div>\n\t\t<div class=\"elementor-element elementor-element-26d8c57 e-flex e-con-boxed e-con e-parent\" data-id=\"26d8c57\" data-element_type=\"container\" data-e-type=\"container\" data-settings=\"{&quot;background_background&quot;:&quot;classic&quot;}\">\n\t\t\t\t\t<div class=\"e-con-inner\">\n\t\t<div class=\"elementor-element elementor-element-34a32a4 e-con-full e-flex e-con e-child\" data-id=\"34a32a4\" data-element_type=\"container\" data-e-type=\"container\">\n\t\t\t\t<div class=\"elementor-element elementor-element-08c7962 elementor-widget elementor-widget-heading\" data-id=\"08c7962\" data-element_type=\"widget\" data-e-type=\"widget\" data-widget_type=\"heading.default\">\n\t\t\t\t\t<h2 class=\"elementor-heading-title elementor-size-default\">Elegancia, buen gusto y sabor territorial<\/h2>\t\t\t\t<\/div>\n\t\t\t\t<div class=\"elementor-element elementor-element-1c072ff elementor-widget elementor-widget-heading\" data-id=\"1c072ff\" data-element_type=\"widget\" data-e-type=\"widget\" id=\"ubicacion\" data-widget_type=\"heading.default\">\n\t\t\t\t\t<h2 class=\"elementor-heading-title elementor-size-default\">Bar K\u00fctral<\/h2>\t\t\t\t<\/div>\n\t\t\t\t<div class=\"elementor-element elementor-element-c8ce97f elementor-widget elementor-widget-text-editor\" data-id=\"c8ce97f\" data-element_type=\"widget\" data-e-type=\"widget\" data-widget_type=\"text-editor.default\">\n\t\t\t\t\t\t\t\t\tK\u00fctral nos invita al encuentro. Un espacio dise\u00f1ado para disfrutar de cocteler\u00eda creativa y tablas de nuestra propia charcuter\u00eda, con la mejor vista de Puerto Varas. El refugio perfecto despu\u00e9s de un d\u00eda de exploraci\u00f3n patag\u00f3nica.\t\t\t\t\t\t\t\t<\/div>\n\t\t\t\t<div class=\"elementor-element elementor-element-a39ad91 elementor-mobile-align-center elementor-widget elementor-widget-button\" data-id=\"a39ad91\" data-element_type=\"widget\" data-e-type=\"widget\" data-widget_type=\"button.default\">\n\t\t\t\t\t\t\t\t\t\t<a class=\"elementor-button elementor-button-link elementor-size-sm\" href=\"#contacto\">\n\t\t\t\t\t\t<span class=\"elementor-button-content-wrapper\">\n\t\t\t\t\t\t\t\t\t<span class=\"elementor-button-text\">Reservar una mesa<\/span>\n\t\t\t\t\t<\/span>\n\t\t\t\t\t<\/a>\n\t\t\t\t\t\t\t\t<\/div>\n\t\t\t\t<\/div>\n\t\t<div class=\"elementor-element elementor-element-0c69b16 e-con-full e-flex e-con e-child\" data-id=\"0c69b16\" data-element_type=\"container\" data-e-type=\"container\">\n\t\t\t\t<div class=\"elementor-element elementor-element-0931d48 elementor-widget elementor-widget-image\" data-id=\"0931d48\" data-element_type=\"widget\" data-e-type=\"widget\" data-widget_type=\"image.default\">\n\t\t\t\t\t\t\t\t\t\t\t\t\t\t\t<img decoding=\"async\" src=\"https:\/\/estacionpatagonia.cl\/wp-content\/uploads\/elementor\/thumbs\/2026-01-20-HOTEL-PATAGONICO-1-scaled-rkrdab6y4txgz6vkpnjc9v3d1mckrbx62pouilpd1c.jpg\" title=\"2026-01-20 HOTEL PATAGO\u0301NICO-1\" alt=\"2026-01-20 HOTEL PATAGO\u0301NICO-1\" loading=\"lazy\" \/>\t\t\t\t\t\t\t\t\t\t\t\t\t\t\t<\/div>\n\t\t\t\t<\/div>\n\t\t\t\t\t<\/div>\n\t\t\t\t<\/div>\n\t\t<div class=\"elementor-element elementor-element-2f350c6 e-flex e-con-boxed e-con e-parent\" data-id=\"2f350c6\" data-element_type=\"container\" data-e-type=\"container\" data-settings=\"{&quot;background_background&quot;:&quot;classic&quot;}\">\n\t\t\t\t\t<div class=\"e-con-inner\">\n\t\t\t\t<div class=\"elementor-element elementor-element-722f3f1 elementor-widget elementor-widget-image-carousel\" data-id=\"722f3f1\" data-element_type=\"widget\" data-e-type=\"widget\" data-settings=\"{&quot;slides_to_show&quot;:&quot;4&quot;,&quot;navigation&quot;:&quot;none&quot;,&quot;slides_to_show_mobile&quot;:&quot;2&quot;,&quot;autoplay&quot;:&quot;yes&quot;,&quot;pause_on_hover&quot;:&quot;yes&quot;,&quot;pause_on_interaction&quot;:&quot;yes&quot;,&quot;autoplay_speed&quot;:5000,&quot;infinite&quot;:&quot;yes&quot;,&quot;speed&quot;:500,&quot;image_spacing_custom&quot;:{&quot;unit&quot;:&quot;px&quot;,&quot;size&quot;:20,&quot;sizes&quot;:[]},&quot;image_spacing_custom_tablet&quot;:{&quot;unit&quot;:&quot;px&quot;,&quot;size&quot;:&quot;&quot;,&quot;sizes&quot;:[]},&quot;image_spacing_custom_mobile&quot;:{&quot;unit&quot;:&quot;px&quot;,&quot;size&quot;:&quot;&quot;,&quot;sizes&quot;:[]}}\" data-widget_type=\"image-carousel.default\">\n\t\t\t\t\t\t\t<div class=\"elementor-image-carousel-wrapper swiper\" role=\"region\" aria-roledescription=\"carousel\" aria-label=\"Carrusel de im\u00e1genes\" dir=\"ltr\">\n\t\t\t<div class=\"elementor-image-carousel swiper-wrapper\" aria-live=\"off\">\n\t\t\t\t\t\t\t\t<div class=\"swiper-slide\" role=\"group\" aria-roledescription=\"slide\" aria-label=\"1 de 28\"><figure class=\"swiper-slide-inner\"><img decoding=\"async\" class=\"swiper-slide-image\" src=\"https:\/\/estacionpatagonia.cl\/wp-content\/uploads\/elementor\/thumbs\/2026-14-DE-FEBRERO-116-scaled-rkrdab6qtp955jabkh25ptd8cyvlwcjl5w55q0xx0w.jpg\" alt=\"2026-14 DE FEBRERO-116\" \/><\/figure><\/div><div class=\"swiper-slide\" role=\"group\" aria-roledescription=\"slide\" aria-label=\"2 de 28\"><figure class=\"swiper-slide-inner\"><img decoding=\"async\" class=\"swiper-slide-image\" src=\"https:\/\/estacionpatagonia.cl\/wp-content\/uploads\/elementor\/thumbs\/2026-14-DE-FEBRERO-3_3_11zon-scaled-rkrdbn4ii92rlncosjs4qz9qnmbbswtwchex74yu7k.jpg\" alt=\"2026-14 DE FEBRERO-3_3_11zon\" \/><\/figure><\/div><div class=\"swiper-slide\" role=\"group\" aria-roledescription=\"slide\" aria-label=\"3 de 28\"><figure class=\"swiper-slide-inner\"><img decoding=\"async\" class=\"swiper-slide-image\" src=\"https:\/\/estacionpatagonia.cl\/wp-content\/uploads\/elementor\/thumbs\/2026-14-DE-FEBRERO-75-scaled-rkrdaxqvdq40w6djwqt7dnoam7sf13158zst8o0gvk.jpg\" alt=\"2026-14 DE FEBRERO-75\" \/><\/figure><\/div><div class=\"swiper-slide\" role=\"group\" aria-roledescription=\"slide\" aria-label=\"4 de 28\"><figure class=\"swiper-slide-inner\"><img decoding=\"async\" class=\"swiper-slide-image\" src=\"https:\/\/estacionpatagonia.cl\/wp-content\/uploads\/elementor\/thumbs\/2026-14-DE-FEBRERO-94-scaled-rkrdakl4q1m0dmwo1l4feqzuatla1bkwj6o0isjzao.jpg\" alt=\"2026-14 DE FEBRERO-94\" \/><\/figure><\/div><div class=\"swiper-slide\" role=\"group\" aria-roledescription=\"slide\" aria-label=\"5 de 28\"><figure class=\"swiper-slide-inner\"><img decoding=\"async\" class=\"swiper-slide-image\" src=\"https:\/\/estacionpatagonia.cl\/wp-content\/uploads\/elementor\/thumbs\/2026-14-DE-FEBRERO-86-scaled-rkrdaq85v1tqbaoh4nk6tpklv4thbi7ajykxegbm9c.jpg\" alt=\"2026-14 DE FEBRERO-86\" \/><\/figure><\/div><div class=\"swiper-slide\" role=\"group\" aria-roledescription=\"slide\" aria-label=\"6 de 28\"><figure class=\"swiper-slide-inner\"><img decoding=\"async\" class=\"swiper-slide-image\" src=\"https:\/\/estacionpatagonia.cl\/wp-content\/uploads\/elementor\/thumbs\/2026-14-DE-FEBRERO-1-scaled-rkrdbkazxqywmtgs90k91hzcvgp85tipc3ggrb30q8.jpg\" alt=\"2026-14 DE FEBRERO-1\" \/><\/figure><\/div><div class=\"swiper-slide\" role=\"group\" aria-roledescription=\"slide\" aria-label=\"7 de 28\"><figure class=\"swiper-slide-inner\"><img decoding=\"async\" class=\"swiper-slide-image\" src=\"https:\/\/estacionpatagonia.cl\/wp-content\/uploads\/elementor\/thumbs\/2026-14-DE-FEBRERO-83-scaled-rkrdas3u8pwayilqtodfyp3j1wk7qwer87vwd08tww.jpg\" alt=\"2026-14 DE FEBRERO-83\" \/><\/figure><\/div><div class=\"swiper-slide\" role=\"group\" aria-roledescription=\"slide\" aria-label=\"8 de 28\"><figure class=\"swiper-slide-inner\"><img decoding=\"async\" class=\"swiper-slide-image\" src=\"https:\/\/estacionpatagonia.cl\/wp-content\/uploads\/elementor\/thumbs\/2026-14-DE-FEBRERO-78-scaled-rkrdavv7021g8yga7pzy8o5dfg1olotokqhua43980.jpg\" alt=\"2026-14 DE FEBRERO-78\" \/><\/figure><\/div><div class=\"swiper-slide\" role=\"group\" aria-roledescription=\"slide\" aria-label=\"9 de 28\"><figure class=\"swiper-slide-inner\"><img decoding=\"async\" class=\"swiper-slide-image\" src=\"https:\/\/estacionpatagonia.cl\/wp-content\/uploads\/elementor\/thumbs\/2026-14-DE-FEBRERO-66-scaled-rkrdb59kweebh22mou27xlrzdarcqnuzy10p2vpbhs.jpg\" alt=\"2026-14 DE FEBRERO-66\" \/><\/figure><\/div><div class=\"swiper-slide\" role=\"group\" aria-roledescription=\"slide\" aria-label=\"10 de 28\"><figure class=\"swiper-slide-inner\"><img decoding=\"async\" class=\"swiper-slide-image\" src=\"https:\/\/estacionpatagonia.cl\/wp-content\/uploads\/elementor\/thumbs\/2026-14-DE-FEBRERO-104-scaled-rkrdac4l0jafh58yezgsab4oycqz41nbi0sn7awiuo.jpg\" alt=\"2026-14 DE FEBRERO-104\" \/><\/figure><\/div><div class=\"swiper-slide\" role=\"group\" aria-roledescription=\"slide\" aria-label=\"11 de 28\"><figure class=\"swiper-slide-inner\"><img decoding=\"async\" class=\"swiper-slide-image\" src=\"https:\/\/estacionpatagonia.cl\/wp-content\/uploads\/elementor\/thumbs\/2026-14-DE-FEBRERO-61-scaled-rkrdb9yrukkr33vsxe3cs2lac846t5dnmoa4h9icmo.jpg\" alt=\"2026-14 DE FEBRERO-61\" \/><\/figure><\/div><div class=\"swiper-slide\" role=\"group\" aria-roledescription=\"slide\" aria-label=\"12 de 28\"><figure class=\"swiper-slide-inner\"><img decoding=\"async\" class=\"swiper-slide-image\" src=\"https:\/\/estacionpatagonia.cl\/wp-content\/uploads\/elementor\/thumbs\/2026-14-DE-FEBRERO-103-scaled-rkrdad2f7dbpsr7l9hveusw5jqmcbqr1u5g4okv4og.jpg\" alt=\"2026-14 DE FEBRERO-103\" \/><\/figure><\/div><div class=\"swiper-slide\" role=\"group\" aria-roledescription=\"slide\" aria-label=\"13 de 28\"><figure class=\"swiper-slide-inner\"><img decoding=\"async\" class=\"swiper-slide-image\" src=\"https:\/\/estacionpatagonia.cl\/wp-content\/uploads\/elementor\/thumbs\/2026-14-DE-FEBRERO-59-scaled-rkrdbbug88nbqbt2mewlx247izux8jl4axl3ftfka8.jpg\" alt=\"2026-14 DE FEBRERO-59\" \/><\/figure><\/div><div class=\"swiper-slide\" role=\"group\" aria-roledescription=\"slide\" aria-label=\"14 de 28\"><figure class=\"swiper-slide-inner\"><img decoding=\"async\" class=\"swiper-slide-image\" src=\"https:\/\/estacionpatagonia.cl\/wp-content\/uploads\/elementor\/thumbs\/2026-14-DE-FEBRERO-102-scaled-rkrdae09e7d04d6840a1fanm54hpjfus6a3m5utqi8.jpg\" alt=\"2026-14 DE FEBRERO-102\" \/><\/figure><\/div><div class=\"swiper-slide\" role=\"group\" aria-roledescription=\"slide\" aria-label=\"15 de 28\"><figure class=\"swiper-slide-inner\"><img decoding=\"async\" class=\"swiper-slide-image\" src=\"https:\/\/estacionpatagonia.cl\/wp-content\/uploads\/elementor\/thumbs\/2026-14-DE-FEBRERO-98-scaled-rkrdagtrypgv3724njhx4rxzxa3t6j5z6o22lopjzk.jpg\" alt=\"2026-14 DE FEBRERO-98\" \/><\/figure><\/div><div class=\"swiper-slide\" role=\"group\" aria-roledescription=\"slide\" aria-label=\"16 de 28\"><figure class=\"swiper-slide-inner\"><img decoding=\"async\" class=\"swiper-slide-image\" src=\"https:\/\/estacionpatagonia.cl\/wp-content\/uploads\/elementor\/thumbs\/2026-14-DE-FEBRERO-97-scaled-rkrdahrm5ji5et0ri1wjp9pginz6e89pispk2yo5tc.jpg\" alt=\"2026-14 DE FEBRERO-97\" \/><\/figure><\/div><div class=\"swiper-slide\" role=\"group\" aria-roledescription=\"slide\" aria-label=\"17 de 28\"><figure class=\"swiper-slide-inner\"><img decoding=\"async\" class=\"swiper-slide-image\" src=\"https:\/\/estacionpatagonia.cl\/wp-content\/uploads\/elementor\/thumbs\/2026-14-DE-FEBRERO-63-scaled-rkrdb833gwi6fvyj8da3n32d5gdgdr66yez5ipl4z4.jpg\" alt=\"2026-14 DE FEBRERO-63\" \/><\/figure><\/div><div class=\"swiper-slide\" role=\"group\" aria-roledescription=\"slide\" aria-label=\"18 de 28\"><figure class=\"swiper-slide-inner\"><img decoding=\"async\" class=\"swiper-slide-image\" src=\"https:\/\/estacionpatagonia.cl\/wp-content\/uploads\/elementor\/thumbs\/2026-14-DE-FEBRERO-95-scaled-rkrdaipgcdjfqezeckb69rgx41ujlxdfuxd1k8mrn4.jpg\" alt=\"2026-14 DE FEBRERO-95\" \/><\/figure><\/div><div class=\"swiper-slide\" role=\"group\" aria-roledescription=\"slide\" aria-label=\"19 de 28\"><figure class=\"swiper-slide-inner\"><img decoding=\"async\" class=\"swiper-slide-image\" src=\"https:\/\/estacionpatagonia.cl\/wp-content\/uploads\/elementor\/thumbs\/2026-14-DE-FEBRERO-82-scaled-rkrdat1ofjxla4kdo6s2j6uznafkylihkcjdua7fqo.jpg\" alt=\"2026-14 DE FEBRERO-82\" \/><\/figure><\/div><div class=\"swiper-slide\" role=\"group\" aria-roledescription=\"slide\" aria-label=\"20 de 28\"><figure class=\"swiper-slide-inner\"><img decoding=\"async\" class=\"swiper-slide-image\" src=\"https:\/\/estacionpatagonia.cl\/wp-content\/uploads\/elementor\/thumbs\/2026-14-DE-FEBRERO-81-scaled-rkrdatzimdyvlqj0ip6p3omg8oay6am7wh6vbk61kg.jpg\" alt=\"2026-14 DE FEBRERO-81\" \/><\/figure><\/div><div class=\"swiper-slide\" role=\"group\" aria-roledescription=\"slide\" aria-label=\"21 de 28\"><figure class=\"swiper-slide-inner\"><img decoding=\"async\" class=\"swiper-slide-image\" src=\"https:\/\/estacionpatagonia.cl\/wp-content\/uploads\/elementor\/thumbs\/2026-14-DE-FEBRERO-65-scaled-rkrdb67f38flso19jcgui3jfyompycyqa5o6k5nxbk.jpg\" alt=\"2026-14 DE FEBRERO-65\" \/><\/figure><\/div><div class=\"swiper-slide\" role=\"group\" aria-roledescription=\"slide\" aria-label=\"22 de 28\"><figure class=\"swiper-slide-inner\"><img decoding=\"async\" class=\"swiper-slide-image\" src=\"https:\/\/estacionpatagonia.cl\/wp-content\/uploads\/elementor\/thumbs\/2026-14-DE-FEBRERO-57-scaled-rkrdbcsaf2om1xrpgxb8hjvo4dqag8oun28kx3e640.jpg\" alt=\"2026-14 DE FEBRERO-57\" \/><\/figure><\/div><div class=\"swiper-slide\" role=\"group\" aria-roledescription=\"slide\" aria-label=\"23 de 28\"><figure class=\"swiper-slide-inner\"><img decoding=\"async\" class=\"swiper-slide-image\" src=\"https:\/\/estacionpatagonia.cl\/wp-content\/uploads\/elementor\/thumbs\/2026-14-DE-FEBRERO-8-scaled-rkrdbenysqr6p5oz5y4hmjelb5h0vmwbbbjjvnbdrk.jpg\" alt=\"2026-14 DE FEBRERO-8\" \/><\/figure><\/div><div class=\"swiper-slide\" role=\"group\" aria-roledescription=\"slide\" aria-label=\"24 de 28\"><figure class=\"swiper-slide-inner\"><img decoding=\"async\" class=\"swiper-slide-image\" src=\"https:\/\/estacionpatagonia.cl\/wp-content\/uploads\/elementor\/thumbs\/2026-14-DE-FEBRERO-7-scaled-rkrdbflszksh0rnm0gj47161wjce3c01ng71cx9zlc.jpg\" alt=\"2026-14 DE FEBRERO-7\" \/><\/figure><\/div><div class=\"swiper-slide\" role=\"group\" aria-roledescription=\"slide\" aria-label=\"25 de 28\"><figure class=\"swiper-slide-inner\"><img decoding=\"async\" class=\"swiper-slide-image\" src=\"https:\/\/estacionpatagonia.cl\/wp-content\/uploads\/elementor\/thumbs\/2026-14-DE-FEBRERO-5-scaled-rkpvgplkt6tqmrrasfore9fxi725xneofnxr77u99s.jpg\" alt=\"2026-14 DE FEBRERO-5\" \/><\/figure><\/div><div class=\"swiper-slide\" role=\"group\" aria-roledescription=\"slide\" aria-label=\"26 de 28\"><figure class=\"swiper-slide-inner\"><img decoding=\"async\" class=\"swiper-slide-image\" src=\"https:\/\/estacionpatagonia.cl\/wp-content\/uploads\/elementor\/thumbs\/2026-14-DE-FEBRERO-1_1_11zon-scaled-rkrdbp06vx5c8v9yhkldvysnue228b1d0qpw5ow1v4.jpg\" alt=\"2026-14 DE FEBRERO-1_1_11zon\" \/><\/figure><\/div><div class=\"swiper-slide\" role=\"group\" aria-roledescription=\"slide\" aria-label=\"27 de 28\"><figure class=\"swiper-slide-inner\"><img decoding=\"async\" class=\"swiper-slide-image\" src=\"https:\/\/estacionpatagonia.cl\/wp-content\/uploads\/elementor\/thumbs\/2026-14-DE-FEBRERO-6_6_11zon-scaled-rkrdbkazxqywmtgs90k91hzcvgp85tipc3ggrb30q8.jpg\" alt=\"2026-14 DE FEBRERO-6_6_11zon\" \/><\/figure><\/div><div class=\"swiper-slide\" role=\"group\" aria-roledescription=\"slide\" aria-label=\"28 de 28\"><figure class=\"swiper-slide-inner\"><img decoding=\"async\" class=\"swiper-slide-image\" src=\"https:\/\/estacionpatagonia.cl\/wp-content\/uploads\/elementor\/thumbs\/2026-14-DE-FEBRERO-5_5_11zon-scaled-rkrdbm6obf1ha1e1y1di6hia28fyl7q60crfpv08ds.jpg\" alt=\"2026-14 DE FEBRERO-5_5_11zon\" \/><\/figure><\/div>\t\t\t<\/div>\n\t\t\t\t\t\t\t\n\t\t\t\t\t\t\t\t\t<\/div>\n\t\t\t\t\t\t<\/div>\n\t\t\t\t\t<\/div>\n\t\t\t\t<\/div>\n\t\t<div class=\"elementor-element elementor-element-f79a2e5 e-flex e-con-boxed e-con e-parent\" data-id=\"f79a2e5\" data-element_type=\"container\" data-e-type=\"container\" id=\"contacto\" data-settings=\"{&quot;background_background&quot;:&quot;classic&quot;}\">\n\t\t\t\t\t<div class=\"e-con-inner\">\n\t\t\t\t<div class=\"elementor-element elementor-element-9323228 elementor-widget elementor-widget-heading\" data-id=\"9323228\" data-element_type=\"widget\" data-e-type=\"widget\" data-widget_type=\"heading.default\">\n\t\t\t\t\t<h2 class=\"elementor-heading-title elementor-size-default\">RESERVAS<\/h2>\t\t\t\t<\/div>\n\t\t\t\t<div class=\"elementor-element elementor-element-fbd6147 elementor-widget elementor-widget-text-editor\" data-id=\"fbd6147\" data-element_type=\"widget\" data-e-type=\"widget\" data-widget_type=\"text-editor.default\">\n\t\t\t\t\t\t\t\t\tYa sea para una reserva, la planificaci\u00f3n de un evento con sentido o simplemente para conocernos, nuestras puertas est\u00e1n abiertas. Te esperamos frente a la inmensidad del Lago Llanquihue, donde la historia y la gastronom\u00eda se encuentran.\t\t\t\t\t\t\t\t<\/div>\n\t\t\t\t<div class=\"elementor-element elementor-element-535e2bb eael-contact-form-7-button-align-center eael-contact-form-7-button-custom elementor-widget elementor-widget-eael-contact-form-7\" data-id=\"535e2bb\" data-element_type=\"widget\" data-e-type=\"widget\" data-widget_type=\"eael-contact-form-7.default\">\n\t\t\t\t\t<div class=\"eael-contact-form-7-wrapper\">\n                <div class=\"eael-contact-form eael-contact-form-7 eael-contact-form-535e2bb placeholder-show eael-contact-form-align-center\">\n<div class=\"wpcf7 no-js\" id=\"wpcf7-f6-o1\" lang=\"es-CL\" dir=\"ltr\" data-wpcf7-id=\"6\">\n<div class=\"screen-reader-response\"><p role=\"status\" aria-live=\"polite\" aria-atomic=\"true\"><\/p> <ul><\/ul><\/div>\n<form action=\"\/index.php\/wp-json\/wp\/v2\/pages\/448#wpcf7-f6-o1\" method=\"post\" class=\"wpcf7-form init\" aria-label=\"Formulario de contacto\" novalidate=\"novalidate\" data-status=\"init\">\n<fieldset class=\"hidden-fields-container\"><input type=\"hidden\" name=\"_wpcf7\" value=\"6\" \/><input type=\"hidden\" name=\"_wpcf7_version\" value=\"6.1.5\" \/><input type=\"hidden\" name=\"_wpcf7_locale\" value=\"es_CL\" \/><input type=\"hidden\" name=\"_wpcf7_unit_tag\" value=\"wpcf7-f6-o1\" \/><input type=\"hidden\" name=\"_wpcf7_container_post\" value=\"0\" \/><input type=\"hidden\" name=\"_wpcf7_posted_data_hash\" value=\"\" \/>\n<\/fieldset>\n<div class=\"wpcf7-turnstile cf-turnstile\" data-sitekey=\"0x4AAAAAACuTMMLh-lvQtww2\" data-response-field-name=\"_wpcf7_turnstile_response\"><\/div>\n\n<p><label> Nombre y Apellido<br \/>\n<span class=\"wpcf7-form-control-wrap\" data-name=\"your-name\"><input size=\"40\" maxlength=\"30\" minlength=\"3\" class=\"wpcf7-form-control wpcf7-text wpcf7-validates-as-required\" autocomplete=\"name\" aria-required=\"true\" aria-invalid=\"false\" value=\"\" type=\"text\" name=\"your-name\" \/><\/span> <\/label>\n<\/p>\n<p><label> Correo electr\u00f3nico<br \/>\n<span class=\"wpcf7-form-control-wrap\" data-name=\"your-email\"><input size=\"40\" maxlength=\"50\" minlength=\"9\" class=\"wpcf7-form-control wpcf7-email wpcf7-validates-as-required wpcf7-text wpcf7-validates-as-email\" autocomplete=\"email\" aria-required=\"true\" aria-invalid=\"false\" value=\"\" type=\"email\" name=\"your-email\" \/><\/span> <\/label>\n<\/p>\n<p><label> Tel\u00e9fono<br \/>\n<span class=\"wpcf7-form-control-wrap\" data-name=\"tel-917\"><input size=\"40\" maxlength=\"11\" minlength=\"9\" class=\"wpcf7-form-control wpcf7-tel wpcf7-validates-as-required wpcf7-text wpcf7-validates-as-tel\" autocomplete=\"tel\" aria-required=\"true\" aria-invalid=\"false\" value=\"\" type=\"tel\" name=\"tel-917\" \/><\/span> <\/label>\n<\/p>\n<p><label> Asunto<br \/>\n<span class=\"wpcf7-form-control-wrap\" data-name=\"your-subject\"><input size=\"40\" maxlength=\"40\" minlength=\"5\" class=\"wpcf7-form-control wpcf7-text wpcf7-validates-as-required\" aria-required=\"true\" aria-invalid=\"false\" value=\"\" type=\"text\" name=\"your-subject\" \/><\/span> <\/label>\n<\/p>\n<p><label> Mensaje<br \/>\n<span class=\"wpcf7-form-control-wrap\" data-name=\"your-message\"><textarea cols=\"40\" rows=\"10\" maxlength=\"120\" class=\"wpcf7-form-control wpcf7-textarea\" aria-invalid=\"false\" name=\"your-message\"><\/textarea><\/span> <\/label>\n<\/p>\n<p><input class=\"wpcf7-form-control wpcf7-submit has-spinner\" type=\"submit\" value=\"Enviar mensaje\" \/>\n<\/p><div class=\"wpcf7-response-output\" aria-hidden=\"true\"><\/div>\n<\/form>\n<\/div>\n<\/div>\n            <\/div>\t\t\t\t<\/div>\n\t\t\t\t\t<\/div>\n\t\t\t\t<\/div>\n\t\t<div class=\"elementor-element elementor-element-c8fa492 e-con-full e-flex e-con e-parent\" data-id=\"c8fa492\" data-element_type=\"container\" data-e-type=\"container\">\n\t\t\t\t<div class=\"elementor-element elementor-element-c1cf42f elementor-widget elementor-widget-google_maps\" data-id=\"c1cf42f\" data-element_type=\"widget\" data-e-type=\"widget\" data-widget_type=\"google_maps.default\">\n\t\t\t\t\t\t\t<div class=\"elementor-custom-embed\">\n\t\t\t<iframe loading=\"lazy\"\n\t\t\t\t\tsrc=\"https:\/\/maps.google.com\/maps?q=Klenner%20349%2C%20Puerto%20Varas&#038;t=m&#038;z=18&#038;output=embed&#038;iwloc=near\"\n\t\t\t\t\ttitle=\"Klenner 349, Puerto Varas\"\n\t\t\t\t\taria-label=\"Klenner 349, Puerto Varas\"\n\t\t\t><\/iframe>\n\t\t<\/div>\n\t\t\t\t\t\t<\/div>\n\t\t\t\t<\/div>\n\t\t\t\t<\/div>\n\t\t","protected":false},"excerpt":{"rendered":"<p>Bar K\u00fctralElegancia, buen gusto y sabor territorial.Ver carta de cocteler\u00eda de autor Elegancia, buen gusto y sabor territorial Bar K\u00fctral K\u00fctral nos invita al encuentro. Un espacio dise\u00f1ado para disfrutar de cocteler\u00eda creativa y tablas de nuestra propia charcuter\u00eda, con la mejor vista de Puerto Varas. El refugio perfecto despu\u00e9s de un d\u00eda de exploraci\u00f3n [&hellip;]<\/p>\n","protected":false},"author":1,"featured_media":0,"parent":0,"menu_order":0,"comment_status":"closed","ping_status":"closed","template":"","meta":{"_joinchat":[],"footnotes":""},"class_list":["post-448","page","type-page","status-publish","hentry"],"_links":{"self":[{"href":"https:\/\/estacionpatagonia.cl\/index.php\/wp-json\/wp\/v2\/pages\/448","targetHints":{"allow":["GET"]}}],"collection":[{"href":"https:\/\/estacionpatagonia.cl\/index.php\/wp-json\/wp\/v2\/pages"}],"about":[{"href":"https:\/\/estacionpatagonia.cl\/index.php\/wp-json\/wp\/v2\/types\/page"}],"author":[{"embeddable":true,"href":"https:\/\/estacionpatagonia.cl\/index.php\/wp-json\/wp\/v2\/users\/1"}],"replies":[{"embeddable":true,"href":"https:\/\/estacionpatagonia.cl\/index.php\/wp-json\/wp\/v2\/comments?post=448"}],"version-history":[{"count":64,"href":"https:\/\/estacionpatagonia.cl\/index.php\/wp-json\/wp\/v2\/pages\/448\/revisions"}],"predecessor-version":[{"id":797,"href":"https:\/\/estacionpatagonia.cl\/index.php\/wp-json\/wp\/v2\/pages\/448\/revisions\/797"}],"wp:attachment":[{"href":"https:\/\/estacionpatagonia.cl\/index.php\/wp-json\/wp\/v2\/media?parent=448"}],"curies":[{"name":"wp","href":"https:\/\/api.w.org\/{rel}","templated":true}]}}